{"id":597,"date":"2024-08-29T13:53:34","date_gmt":"2024-08-29T13:53:34","guid":{"rendered":"https:\/\/diskfesta.com.br\/?page_id=597"},"modified":"2024-09-19T20:14:32","modified_gmt":"2024-09-19T20:14:32","slug":"nossos-servicos","status":"publish","type":"page","link":"https:\/\/diskfesta.com.br\/index.php\/nossos-servicos\/","title":{"rendered":"Nossos Servi\u00e7os"},"content":{"rendered":"\t\t<div data-elementor-type=\"wp-page\" data-elementor-id=\"597\" class=\"elementor elementor-597\" data-elementor-post-type=\"page\">\n\t\t\t\t\t\t<section data-particle_enable=\"false\" data-particle-mobile-disabled=\"false\" class=\"elementor-section elementor-top-section elementor-element elementor-element-498e3a6c elementor-section-boxed elementor-section-height-default elementor-section-height-default wpr-particle-no wpr-jarallax-no wpr-parallax-no wpr-sticky-section-no\" data-id=\"498e3a6c\" data-element_type=\"section\" data-settings=\"{&quot;ekit_has_onepagescroll_dot&quot;:&quot;yes&quot;}\">\n\t\t\t\t\t\t<div class=\"elementor-container elementor-column-gap-default\">\n\t\t\t\t\t<div class=\"elementor-column elementor-col-100 elementor-top-column elementor-element elementor-element-3a01b6d0\" data-id=\"3a01b6d0\" data-element_type=\"column\">\n\t\t\t<div class=\"elementor-widget-wrap elementor-element-populated\">\n\t\t\t\t\t\t<section data-particle_enable=\"false\" data-particle-mobile-disabled=\"false\" class=\"elementor-section elementor-inner-section elementor-element elementor-element-68dad405 elementor-section-boxed elementor-section-height-default elementor-section-height-default wpr-particle-no wpr-jarallax-no wpr-parallax-no wpr-sticky-section-no\" data-id=\"68dad405\" data-element_type=\"section\" data-settings=\"{&quot;ekit_has_onepagescroll_dot&quot;:&quot;yes&quot;}\">\n\t\t\t\t\t\t<div class=\"elementor-container elementor-column-gap-no\">\n\t\t\t\t\t<div class=\"elementor-column elementor-col-50 elementor-inner-column elementor-element elementor-element-155655ee\" data-id=\"155655ee\" data-element_type=\"column\">\n\t\t\t<div class=\"elementor-widget-wrap elementor-element-populated\">\n\t\t\t\t\t\t<div class=\"elementor-element elementor-element-13531b3d elementor-invisible elementor-widget elementor-widget-heading\" data-id=\"13531b3d\" data-element_type=\"widget\" data-settings=\"{&quot;_animation&quot;:&quot;zoomIn&quot;,&quot;ekit_we_effect_on&quot;:&quot;none&quot;}\" data-widget_type=\"heading.default\">\n\t\t\t\t<div class=\"elementor-widget-container\">\n\t\t\t\t\t<h5 class=\"elementor-heading-title elementor-size-default\">Disk Festa<\/h5>\t\t\t\t<\/div>\n\t\t\t\t<\/div>\n\t\t\t\t<div class=\"elementor-element elementor-element-33d0593 elementor-invisible elementor-widget elementor-widget-qi_addons_for_elementor_animated_text\" data-id=\"33d0593\" data-element_type=\"widget\" data-settings=\"{&quot;_animation&quot;:&quot;zoomIn&quot;,&quot;ekit_we_effect_on&quot;:&quot;none&quot;}\" data-widget_type=\"qi_addons_for_elementor_animated_text.default\">\n\t\t\t\t<div class=\"elementor-widget-container\">\n\t\t\t\t\t<div class=\"qodef-shortcode qodef-m qodef-qi-animated-text qodef--animated-by-word qodef-qi--has-appear qodef--appear-from-bottom\" >\n\t\t<h2 class=\"qodef-m-title\">\n\t\t<span class=\"qodef-e-word\">Nossos<\/span> <span class=\"qodef-e-word\">servi\u00e7os<\/span>\t<\/h2>\n<\/div>\n\t\t\t\t<\/div>\n\t\t\t\t<\/div>\n\t\t\t\t<div class=\"elementor-element elementor-element-3deee197 elementor-invisible elementor-widget elementor-widget-text-editor\" data-id=\"3deee197\" data-element_type=\"widget\" data-settings=\"{&quot;_animation&quot;:&quot;zoomIn&quot;,&quot;ekit_we_effect_on&quot;:&quot;none&quot;}\" data-widget_type=\"text-editor.default\">\n\t\t\t\t<div class=\"elementor-widget-container\">\n\t\t\t\t\t\t\t\t\t<p>Oferecemos servi\u00e7os de Assessoria Completa, Parcial e Final com acompanhamento personalizado em todas as etapas, desde a escolha dos fornecedores at\u00e9 o dia do evento. Tamb\u00e9m disponibilizamos consultoria e o servi\u00e7o de nossa equipe para somente a coordena\u00e7\u00e3o do cerimonial.<\/p>\t\t\t\t\t\t\t\t<\/div>\n\t\t\t\t<\/div>\n\t\t\t\t\t<\/div>\n\t\t<\/div>\n\t\t\t\t<div class=\"elementor-column elementor-col-50 elementor-inner-column elementor-element elementor-element-1b4e0a32 elementor-invisible\" data-id=\"1b4e0a32\" data-element_type=\"column\" data-settings=\"{&quot;animation&quot;:&quot;zoomIn&quot;}\">\n\t\t\t<div class=\"elementor-widget-wrap elementor-element-populated\">\n\t\t\t\t\t\t<div class=\"elementor-element elementor-element-536a6241 elementor-widget elementor-widget-image\" data-id=\"536a6241\" data-element_type=\"widget\" data-settings=\"{&quot;ekit_we_effect_on&quot;:&quot;none&quot;}\" data-widget_type=\"image.default\">\n\t\t\t\t<div class=\"elementor-widget-container\">\n\t\t\t\t\t\t\t\t\t\t\t\t\t\t\t<img fetchpriority=\"high\" decoding=\"async\" width=\"1200\" height=\"800\" src=\"https:\/\/diskfesta.com.br\/wp-content\/uploads\/2024\/08\/IMG-20240828-WA0017.jpg\" class=\"attachment-full size-full wp-image-590\" alt=\"\" srcset=\"https:\/\/diskfesta.com.br\/wp-content\/uploads\/2024\/08\/IMG-20240828-WA0017.jpg 1200w, https:\/\/diskfesta.com.br\/wp-content\/uploads\/2024\/08\/IMG-20240828-WA0017-300x200.jpg 300w, https:\/\/diskfesta.com.br\/wp-content\/uploads\/2024\/08\/IMG-20240828-WA0017-1024x683.jpg 1024w, https:\/\/diskfesta.com.br\/wp-content\/uploads\/2024\/08\/IMG-20240828-WA0017-768x512.jpg 768w\" sizes=\"(max-width: 1200px) 100vw, 1200px\" \/>\t\t\t\t\t\t\t\t\t\t\t\t\t\t\t<\/div>\n\t\t\t\t<\/div>\n\t\t\t\t\t<\/div>\n\t\t<\/div>\n\t\t\t\t\t<\/div>\n\t\t<\/section>\n\t\t\t\t<section data-particle_enable=\"false\" data-particle-mobile-disabled=\"false\" class=\"elementor-section elementor-inner-section elementor-element elementor-element-462d100b elementor-section-boxed elementor-section-height-default elementor-section-height-default wpr-particle-no wpr-jarallax-no wpr-parallax-no wpr-sticky-section-no\" data-id=\"462d100b\" data-element_type=\"section\" data-settings=\"{&quot;ekit_has_onepagescroll_dot&quot;:&quot;yes&quot;}\">\n\t\t\t\t\t\t<div class=\"elementor-container elementor-column-gap-no\">\n\t\t\t\t\t<div class=\"elementor-column elementor-col-33 elementor-inner-column elementor-element elementor-element-2992f54 elementor-invisible\" data-id=\"2992f54\" data-element_type=\"column\" data-settings=\"{&quot;animation&quot;:&quot;zoomIn&quot;}\">\n\t\t\t<div class=\"elementor-widget-wrap elementor-element-populated\">\n\t\t\t\t\t\t<div class=\"elementor-element elementor-element-59cbce10 ekit-equal-height-disable elementor-widget elementor-widget-elementskit-icon-box\" data-id=\"59cbce10\" data-element_type=\"widget\" data-settings=\"{&quot;ekit_we_effect_on&quot;:&quot;none&quot;}\" data-widget_type=\"elementskit-icon-box.default\">\n\t\t\t\t<div class=\"elementor-widget-container\">\n\t\t\t\t\t<div class=\"ekit-wid-con\" >        <!-- link opening -->\n                <!-- end link opening -->\n\n        <div class=\"elementskit-infobox text-center text- icon-top-align elementor-animation-shrink   \">\n                            <div class=\"elementskit-box-header\">\n                <div class=\"elementskit-info-box-icon \">\n                    <img decoding=\"async\" width=\"1600\" height=\"1066\" src=\"https:\/\/diskfesta.com.br\/wp-content\/uploads\/2024\/08\/IMG-20240828-WA0013.jpg\" class=\"attachment- size-\" alt=\"\" srcset=\"https:\/\/diskfesta.com.br\/wp-content\/uploads\/2024\/08\/IMG-20240828-WA0013.jpg 1600w, https:\/\/diskfesta.com.br\/wp-content\/uploads\/2024\/08\/IMG-20240828-WA0013-300x200.jpg 300w, https:\/\/diskfesta.com.br\/wp-content\/uploads\/2024\/08\/IMG-20240828-WA0013-1024x682.jpg 1024w, https:\/\/diskfesta.com.br\/wp-content\/uploads\/2024\/08\/IMG-20240828-WA0013-768x512.jpg 768w, https:\/\/diskfesta.com.br\/wp-content\/uploads\/2024\/08\/IMG-20240828-WA0013-1536x1023.jpg 1536w\" sizes=\"(max-width: 1600px) 100vw, 1600px\" \/>                <\/div>\n          <\/div>\n                <div class=\"box-body\">\n                            <h3 class=\"elementskit-info-box-title\">\n                    Assessoria Parcial                <\/h3>\n                        \t\t  \t<p>Ideal para quem j\u00e1 tem parte dos itens fechados e precisa de orienta\u00e7\u00e3o e ajuda nos demais restantes.\n<br>\u3164<\/p>\n                                        <div class=\"box-footer disable_hover_button\">\n                    <div class=\"btn-wraper\">\n                                                            <a class=\"elementskit-btn whitespace--normal\" href=\"https:\/\/diskfesta.com.br\/index.php\/assessoria-parcial\/\">\n                                        Saiba Mais                                        <svg aria-hidden=\"true\" class=\"e-font-icon-svg e-fas-arrow-alt-circle-right\" viewBox=\"0 0 512 512\" xmlns=\"http:\/\/www.w3.org\/2000\/svg\"><path d=\"M256 8c137 0 248 111 248 248S393 504 256 504 8 393 8 256 119 8 256 8zM140 300h116v70.9c0 10.7 13 16.1 20.5 8.5l114.3-114.9c4.7-4.7 4.7-12.2 0-16.9l-114.3-115c-7.6-7.6-20.5-2.2-20.5 8.5V212H140c-6.6 0-12 5.4-12 12v64c0 6.6 5.4 12 12 12z\"><\/path><\/svg>                                    <\/a>\n                                                        <\/div>\n                <\/div>\n                    <\/div>\n        \n        \n                <\/div>\n        <\/div>\t\t\t\t<\/div>\n\t\t\t\t<\/div>\n\t\t\t\t\t<\/div>\n\t\t<\/div>\n\t\t\t\t<div class=\"elementor-column elementor-col-33 elementor-inner-column elementor-element elementor-element-b5e1693 elementor-invisible\" data-id=\"b5e1693\" data-element_type=\"column\" data-settings=\"{&quot;animation&quot;:&quot;zoomIn&quot;}\">\n\t\t\t<div class=\"elementor-widget-wrap elementor-element-populated\">\n\t\t\t\t\t\t<div class=\"elementor-element elementor-element-1af5228 ekit-equal-height-disable elementor-widget elementor-widget-elementskit-icon-box\" data-id=\"1af5228\" data-element_type=\"widget\" data-settings=\"{&quot;ekit_we_effect_on&quot;:&quot;none&quot;}\" data-widget_type=\"elementskit-icon-box.default\">\n\t\t\t\t<div class=\"elementor-widget-container\">\n\t\t\t\t\t<div class=\"ekit-wid-con\" >        <!-- link opening -->\n                <!-- end link opening -->\n\n        <div class=\"elementskit-infobox text-center text- icon-top-align elementor-animation-shrink   \">\n                            <div class=\"elementskit-box-header\">\n                <div class=\"elementskit-info-box-icon \">\n                    <img decoding=\"async\" width=\"1200\" height=\"800\" src=\"https:\/\/diskfesta.com.br\/wp-content\/uploads\/2024\/08\/IMG-20240828-WA0009.jpg\" class=\"attachment- size-\" alt=\"\" srcset=\"https:\/\/diskfesta.com.br\/wp-content\/uploads\/2024\/08\/IMG-20240828-WA0009.jpg 1200w, https:\/\/diskfesta.com.br\/wp-content\/uploads\/2024\/08\/IMG-20240828-WA0009-300x200.jpg 300w, https:\/\/diskfesta.com.br\/wp-content\/uploads\/2024\/08\/IMG-20240828-WA0009-1024x683.jpg 1024w, https:\/\/diskfesta.com.br\/wp-content\/uploads\/2024\/08\/IMG-20240828-WA0009-768x512.jpg 768w\" sizes=\"(max-width: 1200px) 100vw, 1200px\" \/>                <\/div>\n          <\/div>\n                <div class=\"box-body\">\n                            <h3 class=\"elementskit-info-box-title\">\n                    Assessoria Completa                <\/h3>\n                        \t\t  \t<p>Ideal para quem n\u00e3o tem nada fechado e precisa transformar seu sonho em realidade!\n<br>\u3164<br>\u3164<\/p>\n                                        <div class=\"box-footer disable_hover_button\">\n                    <div class=\"btn-wraper\">\n                                                            <a class=\"elementskit-btn whitespace--normal\" href=\"https:\/\/diskfesta.com.br\/index.php\/assessoria-parcial\/\">\n                                        Saiba Mais                                        <svg aria-hidden=\"true\" class=\"e-font-icon-svg e-fas-arrow-alt-circle-right\" viewBox=\"0 0 512 512\" xmlns=\"http:\/\/www.w3.org\/2000\/svg\"><path d=\"M256 8c137 0 248 111 248 248S393 504 256 504 8 393 8 256 119 8 256 8zM140 300h116v70.9c0 10.7 13 16.1 20.5 8.5l114.3-114.9c4.7-4.7 4.7-12.2 0-16.9l-114.3-115c-7.6-7.6-20.5-2.2-20.5 8.5V212H140c-6.6 0-12 5.4-12 12v64c0 6.6 5.4 12 12 12z\"><\/path><\/svg>                                    <\/a>\n                                                        <\/div>\n                <\/div>\n                    <\/div>\n        \n        \n                <\/div>\n        <\/div>\t\t\t\t<\/div>\n\t\t\t\t<\/div>\n\t\t\t\t\t<\/div>\n\t\t<\/div>\n\t\t\t\t<div class=\"elementor-column elementor-col-33 elementor-inner-column elementor-element elementor-element-78df0ee5 elementor-invisible\" data-id=\"78df0ee5\" data-element_type=\"column\" data-settings=\"{&quot;animation&quot;:&quot;zoomIn&quot;}\">\n\t\t\t<div class=\"elementor-widget-wrap elementor-element-populated\">\n\t\t\t\t\t\t<div class=\"elementor-element elementor-element-486e1a96 ekit-equal-height-disable elementor-widget elementor-widget-elementskit-icon-box\" data-id=\"486e1a96\" data-element_type=\"widget\" data-settings=\"{&quot;ekit_we_effect_on&quot;:&quot;none&quot;}\" data-widget_type=\"elementskit-icon-box.default\">\n\t\t\t\t<div class=\"elementor-widget-container\">\n\t\t\t\t\t<div class=\"ekit-wid-con\" >        <!-- link opening -->\n                <!-- end link opening -->\n\n        <div class=\"elementskit-infobox text-center text- icon-top-align elementor-animation-shrink   \">\n                            <div class=\"elementskit-box-header\">\n                <div class=\"elementskit-info-box-icon \">\n                    <img loading=\"lazy\" decoding=\"async\" width=\"1200\" height=\"800\" src=\"https:\/\/diskfesta.com.br\/wp-content\/uploads\/2024\/08\/IMG-20240828-WA0008.jpg\" class=\"attachment- size-\" alt=\"\" srcset=\"https:\/\/diskfesta.com.br\/wp-content\/uploads\/2024\/08\/IMG-20240828-WA0008.jpg 1200w, https:\/\/diskfesta.com.br\/wp-content\/uploads\/2024\/08\/IMG-20240828-WA0008-300x200.jpg 300w, https:\/\/diskfesta.com.br\/wp-content\/uploads\/2024\/08\/IMG-20240828-WA0008-1024x683.jpg 1024w, https:\/\/diskfesta.com.br\/wp-content\/uploads\/2024\/08\/IMG-20240828-WA0008-768x512.jpg 768w\" sizes=\"(max-width: 1200px) 100vw, 1200px\" \/>                <\/div>\n          <\/div>\n                <div class=\"box-body\">\n                            <h3 class=\"elementskit-info-box-title\">\n                    Assessoria Final                <\/h3>\n                        \t\t  \t<p>Ideal para quem j\u00e1 tem tudo contratado, mas falta o principal: O planejamento e o roteiro para o dia!\n<br>\u3164<\/p>\n                                        <div class=\"box-footer disable_hover_button\">\n                    <div class=\"btn-wraper\">\n                                                            <a class=\"elementskit-btn whitespace--normal\" href=\"https:\/\/diskfesta.com.br\/index.php\/assessoria-final\/\">\n                                        Saiba Mais                                        <svg aria-hidden=\"true\" class=\"e-font-icon-svg e-fas-arrow-alt-circle-right\" viewBox=\"0 0 512 512\" xmlns=\"http:\/\/www.w3.org\/2000\/svg\"><path d=\"M256 8c137 0 248 111 248 248S393 504 256 504 8 393 8 256 119 8 256 8zM140 300h116v70.9c0 10.7 13 16.1 20.5 8.5l114.3-114.9c4.7-4.7 4.7-12.2 0-16.9l-114.3-115c-7.6-7.6-20.5-2.2-20.5 8.5V212H140c-6.6 0-12 5.4-12 12v64c0 6.6 5.4 12 12 12z\"><\/path><\/svg>                                    <\/a>\n                                                        <\/div>\n                <\/div>\n                    <\/div>\n        \n        \n                <\/div>\n        <\/div>\t\t\t\t<\/div>\n\t\t\t\t<\/div>\n\t\t\t\t\t<\/div>\n\t\t<\/div>\n\t\t\t\t\t<\/div>\n\t\t<\/section>\n\t\t\t\t\t<\/div>\n\t\t<\/div>\n\t\t\t\t\t<\/div>\n\t\t<\/section>\n\t\t\t\t<section data-particle_enable=\"false\" data-particle-mobile-disabled=\"false\" class=\"elementor-section elementor-top-section elementor-element elementor-element-4546385e elementor-section-boxed elementor-section-height-default elementor-section-height-default wpr-particle-no wpr-jarallax-no wpr-parallax-no wpr-sticky-section-no\" data-id=\"4546385e\" data-element_type=\"section\" data-settings=\"{&quot;ekit_has_onepagescroll_dot&quot;:&quot;yes&quot;}\">\n\t\t\t\t\t\t<div class=\"elementor-container elementor-column-gap-default\">\n\t\t\t\t\t<div class=\"elementor-column elementor-col-50 elementor-top-column elementor-element elementor-element-1bee642 elementor-invisible\" data-id=\"1bee642\" data-element_type=\"column\" data-settings=\"{&quot;animation&quot;:&quot;zoomIn&quot;}\">\n\t\t\t<div class=\"elementor-widget-wrap elementor-element-populated\">\n\t\t\t\t\t\t<div class=\"elementor-element elementor-element-e4e69f8 elementor-widget elementor-widget-image\" data-id=\"e4e69f8\" data-element_type=\"widget\" data-settings=\"{&quot;_animation&quot;:&quot;none&quot;,&quot;ekit_we_effect_on&quot;:&quot;none&quot;}\" data-widget_type=\"image.default\">\n\t\t\t\t<div class=\"elementor-widget-container\">\n\t\t\t\t\t\t\t\t\t\t\t\t\t\t\t<img loading=\"lazy\" decoding=\"async\" width=\"1200\" height=\"800\" src=\"https:\/\/diskfesta.com.br\/wp-content\/uploads\/2024\/08\/IMG-20240828-WA0008.jpg\" class=\"attachment-full size-full wp-image-581\" alt=\"\" srcset=\"https:\/\/diskfesta.com.br\/wp-content\/uploads\/2024\/08\/IMG-20240828-WA0008.jpg 1200w, https:\/\/diskfesta.com.br\/wp-content\/uploads\/2024\/08\/IMG-20240828-WA0008-300x200.jpg 300w, https:\/\/diskfesta.com.br\/wp-content\/uploads\/2024\/08\/IMG-20240828-WA0008-1024x683.jpg 1024w, https:\/\/diskfesta.com.br\/wp-content\/uploads\/2024\/08\/IMG-20240828-WA0008-768x512.jpg 768w\" sizes=\"(max-width: 1200px) 100vw, 1200px\" \/>\t\t\t\t\t\t\t\t\t\t\t\t\t\t\t<\/div>\n\t\t\t\t<\/div>\n\t\t\t\t<div class=\"elementor-element elementor-element-a1c88eb ekit-equal-height-disable elementor-widget elementor-widget-elementskit-icon-box\" data-id=\"a1c88eb\" data-element_type=\"widget\" data-settings=\"{&quot;ekit_we_effect_on&quot;:&quot;none&quot;}\" data-widget_type=\"elementskit-icon-box.default\">\n\t\t\t\t<div class=\"elementor-widget-container\">\n\t\t\t\t\t<div class=\"ekit-wid-con\" >        <!-- link opening -->\n                <!-- end link opening -->\n\n        <div class=\"elementskit-infobox text-center text- icon-top-align elementor-animation-shrink   \">\n                            <div class=\"elementskit-box-header\">\n                <div class=\"elementskit-info-box-icon \">\n                    <img loading=\"lazy\" decoding=\"async\" width=\"1200\" height=\"800\" src=\"https:\/\/diskfesta.com.br\/wp-content\/uploads\/2024\/08\/IMG-20240828-WA0007.jpg\" class=\"attachment- size-\" alt=\"\" srcset=\"https:\/\/diskfesta.com.br\/wp-content\/uploads\/2024\/08\/IMG-20240828-WA0007.jpg 1200w, https:\/\/diskfesta.com.br\/wp-content\/uploads\/2024\/08\/IMG-20240828-WA0007-300x200.jpg 300w, https:\/\/diskfesta.com.br\/wp-content\/uploads\/2024\/08\/IMG-20240828-WA0007-1024x683.jpg 1024w, https:\/\/diskfesta.com.br\/wp-content\/uploads\/2024\/08\/IMG-20240828-WA0007-768x512.jpg 768w\" sizes=\"(max-width: 1200px) 100vw, 1200px\" \/>                <\/div>\n          <\/div>\n                <div class=\"box-body\">\n                            <h3 class=\"elementskit-info-box-title\">\n                    Consultoria                <\/h3>\n                        \t\t  \t<p>Voc\u00ea conhecendo o script para um grande dia!<br>\u3164<\/p>\n                                        <div class=\"box-footer disable_hover_button\">\n                    <div class=\"btn-wraper\">\n                                                            <a class=\"elementskit-btn whitespace--normal\" href=\"https:\/\/diskfesta.com.br\/index.php\/consultoria\/\">\n                                        Saiba Mais                                        <svg aria-hidden=\"true\" class=\"e-font-icon-svg e-fas-arrow-alt-circle-right\" viewBox=\"0 0 512 512\" xmlns=\"http:\/\/www.w3.org\/2000\/svg\"><path d=\"M256 8c137 0 248 111 248 248S393 504 256 504 8 393 8 256 119 8 256 8zM140 300h116v70.9c0 10.7 13 16.1 20.5 8.5l114.3-114.9c4.7-4.7 4.7-12.2 0-16.9l-114.3-115c-7.6-7.6-20.5-2.2-20.5 8.5V212H140c-6.6 0-12 5.4-12 12v64c0 6.6 5.4 12 12 12z\"><\/path><\/svg>                                    <\/a>\n                                                        <\/div>\n                <\/div>\n                    <\/div>\n        \n        \n                <\/div>\n        <\/div>\t\t\t\t<\/div>\n\t\t\t\t<\/div>\n\t\t\t\t\t<\/div>\n\t\t<\/div>\n\t\t\t\t<div class=\"elementor-column elementor-col-50 elementor-top-column elementor-element elementor-element-03e5cb6 elementor-invisible\" data-id=\"03e5cb6\" data-element_type=\"column\" data-settings=\"{&quot;animation&quot;:&quot;zoomIn&quot;}\">\n\t\t\t<div class=\"elementor-widget-wrap elementor-element-populated\">\n\t\t\t\t\t\t<div class=\"elementor-element elementor-element-f5768cd elementor-widget elementor-widget-image\" data-id=\"f5768cd\" data-element_type=\"widget\" data-settings=\"{&quot;_animation&quot;:&quot;none&quot;,&quot;ekit_we_effect_on&quot;:&quot;none&quot;}\" data-widget_type=\"image.default\">\n\t\t\t\t<div class=\"elementor-widget-container\">\n\t\t\t\t\t\t\t\t\t\t\t\t\t\t\t<img loading=\"lazy\" decoding=\"async\" width=\"1600\" height=\"1066\" src=\"https:\/\/diskfesta.com.br\/wp-content\/uploads\/2024\/08\/IMG-20240828-WA0012.jpg\" class=\"attachment-full size-full wp-image-585\" alt=\"\" srcset=\"https:\/\/diskfesta.com.br\/wp-content\/uploads\/2024\/08\/IMG-20240828-WA0012.jpg 1600w, https:\/\/diskfesta.com.br\/wp-content\/uploads\/2024\/08\/IMG-20240828-WA0012-300x200.jpg 300w, https:\/\/diskfesta.com.br\/wp-content\/uploads\/2024\/08\/IMG-20240828-WA0012-1024x682.jpg 1024w, https:\/\/diskfesta.com.br\/wp-content\/uploads\/2024\/08\/IMG-20240828-WA0012-768x512.jpg 768w, https:\/\/diskfesta.com.br\/wp-content\/uploads\/2024\/08\/IMG-20240828-WA0012-1536x1023.jpg 1536w\" sizes=\"(max-width: 1600px) 100vw, 1600px\" \/>\t\t\t\t\t\t\t\t\t\t\t\t\t\t\t<\/div>\n\t\t\t\t<\/div>\n\t\t\t\t<div class=\"elementor-element elementor-element-40c9376 ekit-equal-height-disable elementor-widget elementor-widget-elementskit-icon-box\" data-id=\"40c9376\" data-element_type=\"widget\" data-settings=\"{&quot;ekit_we_effect_on&quot;:&quot;none&quot;}\" data-widget_type=\"elementskit-icon-box.default\">\n\t\t\t\t<div class=\"elementor-widget-container\">\n\t\t\t\t\t<div class=\"ekit-wid-con\" >        <!-- link opening -->\n                <!-- end link opening -->\n\n        <div class=\"elementskit-infobox text-center text- icon-top-align elementor-animation-shrink   \">\n                            <div class=\"elementskit-box-header\">\n                <div class=\"elementskit-info-box-icon \">\n                    <img loading=\"lazy\" decoding=\"async\" width=\"1600\" height=\"1066\" src=\"https:\/\/diskfesta.com.br\/wp-content\/uploads\/2024\/08\/IMG-20240828-WA0010.jpg\" class=\"attachment- size-\" alt=\"\" srcset=\"https:\/\/diskfesta.com.br\/wp-content\/uploads\/2024\/08\/IMG-20240828-WA0010.jpg 1600w, https:\/\/diskfesta.com.br\/wp-content\/uploads\/2024\/08\/IMG-20240828-WA0010-300x200.jpg 300w, https:\/\/diskfesta.com.br\/wp-content\/uploads\/2024\/08\/IMG-20240828-WA0010-1024x682.jpg 1024w, https:\/\/diskfesta.com.br\/wp-content\/uploads\/2024\/08\/IMG-20240828-WA0010-768x512.jpg 768w, https:\/\/diskfesta.com.br\/wp-content\/uploads\/2024\/08\/IMG-20240828-WA0010-1536x1023.jpg 1536w\" sizes=\"(max-width: 1600px) 100vw, 1600px\" \/>                <\/div>\n          <\/div>\n                <div class=\"box-body\">\n                            <h3 class=\"elementskit-info-box-title\">\n                    Cerimonial de Casamento                <\/h3>\n                        \t\t  \t<p>Equipe formada somente para organizar e conduzir o cerimonial do evento. Neste servi\u00e7o n\u00e3o est\u00e1 incluso o celebrante.<\/p>\n                                        <div class=\"box-footer disable_hover_button\">\n                    <div class=\"btn-wraper\">\n                                                            <a class=\"elementskit-btn whitespace--normal\" href=\"https:\/\/diskfesta.com.br\/index.php\/cerimonial\/\">\n                                        Saiba Mais                                        <svg aria-hidden=\"true\" class=\"e-font-icon-svg e-fas-arrow-alt-circle-right\" viewBox=\"0 0 512 512\" xmlns=\"http:\/\/www.w3.org\/2000\/svg\"><path d=\"M256 8c137 0 248 111 248 248S393 504 256 504 8 393 8 256 119 8 256 8zM140 300h116v70.9c0 10.7 13 16.1 20.5 8.5l114.3-114.9c4.7-4.7 4.7-12.2 0-16.9l-114.3-115c-7.6-7.6-20.5-2.2-20.5 8.5V212H140c-6.6 0-12 5.4-12 12v64c0 6.6 5.4 12 12 12z\"><\/path><\/svg>                                    <\/a>\n                                                        <\/div>\n                <\/div>\n                    <\/div>\n        \n        \n                <\/div>\n        <\/div>\t\t\t\t<\/div>\n\t\t\t\t<\/div>\n\t\t\t\t\t<\/div>\n\t\t<\/div>\n\t\t\t\t\t<\/div>\n\t\t<\/section>\n\t\t\t\t<\/div>\n\t\t","protected":false},"excerpt":{"rendered":"<p>Disk Festa Nossos servi\u00e7os Oferecemos servi\u00e7os de Assessoria Completa, Parcial e Final com acompanhamento personalizado em todas as etapas, desde a escolha dos fornecedores at\u00e9 o dia do evento. Tamb\u00e9m disponibilizamos consultoria e o servi\u00e7o de nossa equipe para somente a coordena\u00e7\u00e3o do cerimonial. Assessoria Parcial Ideal para quem j\u00e1 tem parte dos itens fechados e precisa de orienta\u00e7\u00e3o e ajuda nos demais restantes. \u3164 Saiba Mais Assessoria Completa Ideal para quem n\u00e3o tem nada fechado e precisa transformar seu sonho em realidade! \u3164\u3164 Saiba Mais Assessoria Final Ideal para quem j\u00e1 tem tudo contratado, mas falta o principal: O planejamento e o roteiro para o dia! \u3164 Saiba Mais Consultoria Voc\u00ea conhecendo o script para um grande dia!\u3164 Saiba Mais Cerimonial de Casamento Equipe formada somente para organizar e conduzir o cerimonial do evento. Neste servi\u00e7o n\u00e3o est\u00e1 incluso o celebrante. Saiba Mais<\/p>\n","protected":false},"author":1,"featured_media":0,"parent":0,"menu_order":0,"comment_status":"closed","ping_status":"closed","template":"elementor_canvas","meta":{"_joinchat":[],"footnotes":""},"class_list":["post-597","page","type-page","status-publish","hentry"],"_links":{"self":[{"href":"https:\/\/diskfesta.com.br\/index.php\/wp-json\/wp\/v2\/pages\/597","targetHints":{"allow":["GET"]}}],"collection":[{"href":"https:\/\/diskfesta.com.br\/index.php\/wp-json\/wp\/v2\/pages"}],"about":[{"href":"https:\/\/diskfesta.com.br\/index.php\/wp-json\/wp\/v2\/types\/page"}],"author":[{"embeddable":true,"href":"https:\/\/diskfesta.com.br\/index.php\/wp-json\/wp\/v2\/users\/1"}],"replies":[{"embeddable":true,"href":"https:\/\/diskfesta.com.br\/index.php\/wp-json\/wp\/v2\/comments?post=597"}],"version-history":[{"count":43,"href":"https:\/\/diskfesta.com.br\/index.php\/wp-json\/wp\/v2\/pages\/597\/revisions"}],"predecessor-version":[{"id":1311,"href":"https:\/\/diskfesta.com.br\/index.php\/wp-json\/wp\/v2\/pages\/597\/revisions\/1311"}],"wp:attachment":[{"href":"https:\/\/diskfesta.com.br\/index.php\/wp-json\/wp\/v2\/media?parent=597"}],"curies":[{"name":"wp","href":"https:\/\/api.w.org\/{rel}","templated":true}]}}